{"id":7591,"date":"2021-09-21T23:55:53","date_gmt":"2021-09-21T23:55:53","guid":{"rendered":"https:\/\/autenticadesign.cl\/?post_type=product&#038;p=7591"},"modified":"2021-09-22T18:05:58","modified_gmt":"2021-09-22T18:05:58","slug":"mascarillas-animal-print","status":"publish","type":"product","link":"https:\/\/autenticadesign.cl\/en\/product\/mascarillas-animal-print\/","title":{"rendered":"Mascarillas Animal Print"},"content":{"rendered":"","protected":false},"excerpt":{"rendered":"<p>Colores: PIT\u00d3N BLANCA, PIT\u00d3N CAF\u00c9, PIT\u00d3N JEANS, COCODRILO DORADO, LEOPARDO, LEOPARDO NEW, ROSADO FLUOR LEOPARDO<\/p>\n<p>Talla: Standard<\/p>\n<p>Mascarillas reversibles de 3 capas.<\/p>\n<p>Capa interior de tela certificada anti-fluidos (pasa la prueba del aerosol), capa exterior con estampados de animal print y capa intermedia de TNT.<\/p>\n<p>El\u00e1sticos c\u00f3modos, suaves y ajustables para la zona de las orejas. Ademas, trae un tercer el\u00e1stico para la zona del cuello con la funcionalidad de que cuando no la quieras usar te la bajes y no se te pierda.<\/p>\n<p>PROMOCI\u00d3N<br \/>\n3 x $10.000<br \/>\n1 x $4.000<\/p>\n<p>COLORES<br \/>\n-Cebra<br \/>\n-Pit\u00f3n Blanca<br \/>\n-Pit\u00f3n Cafe<br \/>\n&#8211; Pit\u00f3n Jeans<br \/>\n-Cocodrilo Dorado<br \/>\n-Leopardo<br \/>\n-Leopardo New<br \/>\n-Rosado Fluor Leopardo<\/p>","protected":false},"featured_media":8065,"template":"","meta":[],"product_cat":[84,88,99,116,119],"product_tag":[],"class_list":["post-7591","product","type-product","status-publish","has-post-thumbnail","hentry","product_cat-design","product_cat-accesorios","product_cat-mascarillas","product_cat-coleccion","product_cat-atemporal"],"_links":{"self":[{"href":"https:\/\/autenticadesign.cl\/en\/wp-json\/wp\/v2\/product\/7591","targetHints":{"allow":["GET"]}}],"collection":[{"href":"https:\/\/autenticadesign.cl\/en\/wp-json\/wp\/v2\/product"}],"about":[{"href":"https:\/\/autenticadesign.cl\/en\/wp-json\/wp\/v2\/types\/product"}],"wp:featuredmedia":[{"embeddable":true,"href":"https:\/\/autenticadesign.cl\/en\/wp-json\/wp\/v2\/media\/8065"}],"wp:attachment":[{"href":"https:\/\/autenticadesign.cl\/en\/wp-json\/wp\/v2\/media?parent=7591"}],"wp:term":[{"taxonomy":"product_cat","embeddable":true,"href":"https:\/\/autenticadesign.cl\/en\/wp-json\/wp\/v2\/product_cat?post=7591"},{"taxonomy":"product_tag","embeddable":true,"href":"https:\/\/autenticadesign.cl\/en\/wp-json\/wp\/v2\/product_tag?post=7591"}],"curies":[{"name":"wp","href":"https:\/\/api.w.org\/{rel}","templated":true}]}}