{"id":7501,"date":"2021-09-21T21:59:29","date_gmt":"2021-09-21T21:59:29","guid":{"rendered":"https:\/\/autenticadesign.cl\/?post_type=product&#038;p=7501"},"modified":"2021-09-22T17:18:44","modified_gmt":"2021-09-22T17:18:44","slug":"chaqueta-satar","status":"publish","type":"product","link":"https:\/\/autenticadesign.cl\/en\/product\/chaqueta-satar\/","title":{"rendered":"Chaqueta Satar"},"content":{"rendered":"","protected":false},"excerpt":{"rendered":"<p>Color: \u00danico<\/p>\n<p>Talla: M<\/p>\n<p>Chaqueta de jeans \u00fanica customizada con estrellas pintadas a mano de color plateado brillante, adem\u00e1s contiene tachas plateadas peque\u00f1as el rededor de cada estrella y tachas m\u00e1s grandes en el contorno de la chaqueta.<\/p>","protected":false},"featured_media":7849,"template":"","meta":[],"product_cat":[85,103,107,116,117],"product_tag":[],"class_list":["post-7501","product","type-product","status-publish","has-post-thumbnail","hentry","product_cat-handmade","product_cat-ropa-handmade","product_cat-chaquetas-y-parkas-ropa-handmade","product_cat-coleccion","product_cat-primavera-verano"],"_links":{"self":[{"href":"https:\/\/autenticadesign.cl\/en\/wp-json\/wp\/v2\/product\/7501","targetHints":{"allow":["GET"]}}],"collection":[{"href":"https:\/\/autenticadesign.cl\/en\/wp-json\/wp\/v2\/product"}],"about":[{"href":"https:\/\/autenticadesign.cl\/en\/wp-json\/wp\/v2\/types\/product"}],"wp:featuredmedia":[{"embeddable":true,"href":"https:\/\/autenticadesign.cl\/en\/wp-json\/wp\/v2\/media\/7849"}],"wp:attachment":[{"href":"https:\/\/autenticadesign.cl\/en\/wp-json\/wp\/v2\/media?parent=7501"}],"wp:term":[{"taxonomy":"product_cat","embeddable":true,"href":"https:\/\/autenticadesign.cl\/en\/wp-json\/wp\/v2\/product_cat?post=7501"},{"taxonomy":"product_tag","embeddable":true,"href":"https:\/\/autenticadesign.cl\/en\/wp-json\/wp\/v2\/product_tag?post=7501"}],"curies":[{"name":"wp","href":"https:\/\/api.w.org\/{rel}","templated":true}]}}