{"id":7477,"date":"2021-09-21T21:40:49","date_gmt":"2021-09-21T21:40:49","guid":{"rendered":"https:\/\/autenticadesign.cl\/?post_type=product&#038;p=7477"},"modified":"2021-09-22T17:18:44","modified_gmt":"2021-09-22T17:18:44","slug":"chaqueta-catalina","status":"publish","type":"product","link":"https:\/\/autenticadesign.cl\/en\/product\/chaqueta-catalina\/","title":{"rendered":"Chaqueta Catalina"},"content":{"rendered":"","protected":false},"excerpt":{"rendered":"<p>Color: \u00danico<\/p>\n<p>Talla: S<\/p>\n<p>Chaqueta de jeans \u00fanica customizada a mano con deste\u00f1idos y degrade, aplicaci\u00f3n textil de estampado de piel de pit\u00f3n, tachas de estrellas en diferentes tama\u00f1os y cadenas en color plata.<\/p>","protected":false},"featured_media":7829,"template":"","meta":[],"product_cat":[85,103,107,116,117],"product_tag":[],"class_list":["post-7477","product","type-product","status-publish","has-post-thumbnail","hentry","product_cat-handmade","product_cat-ropa-handmade","product_cat-chaquetas-y-parkas-ropa-handmade","product_cat-coleccion","product_cat-primavera-verano"],"_links":{"self":[{"href":"https:\/\/autenticadesign.cl\/en\/wp-json\/wp\/v2\/product\/7477","targetHints":{"allow":["GET"]}}],"collection":[{"href":"https:\/\/autenticadesign.cl\/en\/wp-json\/wp\/v2\/product"}],"about":[{"href":"https:\/\/autenticadesign.cl\/en\/wp-json\/wp\/v2\/types\/product"}],"wp:featuredmedia":[{"embeddable":true,"href":"https:\/\/autenticadesign.cl\/en\/wp-json\/wp\/v2\/media\/7829"}],"wp:attachment":[{"href":"https:\/\/autenticadesign.cl\/en\/wp-json\/wp\/v2\/media?parent=7477"}],"wp:term":[{"taxonomy":"product_cat","embeddable":true,"href":"https:\/\/autenticadesign.cl\/en\/wp-json\/wp\/v2\/product_cat?post=7477"},{"taxonomy":"product_tag","embeddable":true,"href":"https:\/\/autenticadesign.cl\/en\/wp-json\/wp\/v2\/product_tag?post=7477"}],"curies":[{"name":"wp","href":"https:\/\/api.w.org\/{rel}","templated":true}]}}