{"id":7146,"date":"2021-03-30T11:56:02","date_gmt":"2021-03-30T11:56:02","guid":{"rendered":"http:\/\/dummy.xtemos.com\/woodmart\/demos\/?page_id=7146"},"modified":"2021-09-22T19:06:22","modified_gmt":"2021-09-22T19:06:22","slug":"nosotros","status":"publish","type":"page","link":"https:\/\/autenticadesign.cl\/en\/nosotros\/","title":{"rendered":"Nosotros"},"content":{"rendered":"<div class=\"vc_row wpb_row vc_row-fluid vc_custom_1632337580901 row-reverse-tablet\"><div class=\"wpb_column vc_column_container vc_col-sm-12 vc_col-lg-6 vc_col-md-6\"><div class=\"vc_column-inner vc_custom_1615814786972\"><div class=\"wpb_wrapper\">\n\t<div  class=\"wpb_single_image wpb_content_element vc_align_left vc_custom_1632318737909\">\n\t\t\n\t\t<figure class=\"wpb_wrapper vc_figure\">\n\t\t\t<div class=\"vc_single_image-wrapper   vc_box_border_grey\"><img loading=\"lazy\" decoding=\"async\" width=\"600\" height=\"589\" src=\"https:\/\/autenticadesign.cl\/wp-content\/uploads\/2021\/09\/MOODBOARD.jpg\" class=\"vc_single_image-img attachment-full\" alt=\"\" srcset=\"https:\/\/autenticadesign.cl\/wp-content\/uploads\/2021\/09\/MOODBOARD.jpg 600w, https:\/\/autenticadesign.cl\/wp-content\/uploads\/2021\/09\/MOODBOARD-300x295.jpg 300w, https:\/\/autenticadesign.cl\/wp-content\/uploads\/2021\/09\/MOODBOARD-12x12.jpg 12w, https:\/\/autenticadesign.cl\/wp-content\/uploads\/2021\/09\/MOODBOARD-150x147.jpg 150w\" sizes=\"auto, (max-width: 600px) 100vw, 600px\" \/><\/div>\n\t\t<\/figure>\n\t<\/div>\n<\/div><\/div><\/div><div class=\"wpb_column vc_column_container vc_col-sm-12 vc_col-lg-offset-1 vc_col-lg-5 vc_col-md-6 vc_col-xs-12\"><div class=\"vc_column-inner vc_custom_1615814851816\"><div class=\"wpb_wrapper\"><div class=\"vc_empty_space hidden-sm hidden-xs\"   style=\"height: 4vh\"><span class=\"vc_empty_space_inner\"><\/span><\/div>\n\t<div class=\"wpb_text_column wpb_content_element vc_custom_1632318822942 text-larger\" >\n\t\t<div class=\"wpb_wrapper\">\n\t\t\t<p>Hola!! Mi nombre es Constanza Rojas. Tengo 24 a\u00f1os, soy Dise\u00f1adora de Moda y fundadora de AUT\u00c9NTICA DESIGN, un hermoso proyecto que parti\u00f3 siendo un sue\u00f1o que hoy se est\u00e1 cumpliendo.<\/p>\n<p>Aut\u00e9ntica es una nueva marca de ropa chilena que quiere hacerte part\u00edcipe del proceso de dise\u00f1o y confecci\u00f3n de las prendas.<\/p>\n<p>Tenemos dos l\u00edneas de productos, la primera es Aut\u00e9ntica Design, donde nos dedicamos a dise\u00f1ar y producir ropa 100% confeccionada en Chile y en pocas cantidades por talla para que sea un producto exclusivo. A continuaci\u00f3n les explicaremos los procesos que conlleva hacer una prenda y que en muchas oportunidades pasan desapercibidos y que son el coraz\u00f3n de toda colecci\u00f3n, las cuales podemos definir principalmente en cinco grandes pasos que son:<\/p>\n<p>1) Se hace una investigaci\u00f3n de tendencias de moda y se busca un concepto que unifique la colecci\u00f3n.<br \/>\n2) Debemos adaptar las tendencias elegidas a la cultura chilena.<br \/>\n3) Se comienza a dise\u00f1ar presentando la colecci\u00f3n en figurines. Luego se hacen los dise\u00f1os de las prendas en dibujo digital.<br \/>\n4) Se compra la tela y los insumos de acuerdo con las tendencias y el concepto de la colecci\u00f3n, se hacen moldes de los dise\u00f1os, se corta la tela, se confecciona una muestra, se hacen correcciones y por \u00faltimo se env\u00edan a confeccionar las prendas definitivas al taller de confecci\u00f3n.<br \/>\n5) Una vez terminadas las prendas, se hace una sesi\u00f3n de fotos, se editan esas fotos y se suben a las redes sociales.<\/p>\n<p>La segunda l\u00ednea de productos es Aut\u00e9ntica Handmade, en la cual se utiliza el concepto de upcycling para reutilizar y reciclar prendas usadas o prendas que el mismo cliente ya no usa porque no les gusta o est\u00e1n olvidadas en el cl\u00f3set y le damos una nueva vida con un dise\u00f1o \u00fanico, diferente, hecho a mano y personalizado al gusto del consumidor. Tambi\u00e9n hacemos dise\u00f1os propios para la venta, de ropa nueva o reciclada con entrega inmediata.<\/p>\n<p>Con esta customizaci\u00f3n de las prendas, buscamos a\u00f1adir valor a objetos que ya no lo tienen, brind\u00e1ndole un uso funcional y art\u00edstico, con el cual ser\u00e1s \u00fanica.<\/p>\n<p>El upcycling es una nueva forma de crear moda consiente con el planeta, que pretende acabar con el fast fashion o moda r\u00e1pida que practica el retail de copiar dise\u00f1os y mandar a producir toneladas de ropa por semana, a un costo muy bajo y con condiciones precarias de trabajo.<\/p>\n<p>A continuaci\u00f3n les explicamos los proceso que conlleva hacer la custumizaci\u00f3n de las prendas:<\/p>\n<p>1) Se da a elegir nuestro stock disponible para customizar (chaqueta, pantal\u00f3n, short o falda) o el cliente entrega alguna prenda que el ya tenga y quiera darle una nueva est\u00e9tica. Tambi\u00e9n hacemos nuestros propios dise\u00f1os customizados los cuales se pueden comprar inmediatamente.<br \/>\n2) Se agrega el cliente al Whatsapp Business de la tienda y se llega a un acuerdo de dise\u00f1o, dependiendo de lo que el cliente quiera y el stock de materiales disponibles.<br \/>\n3) Se tiene que deja un abono del 50% para comenzar con la customizaci\u00f3n.<br \/>\n4) Se comienza a dise\u00f1ar presentando 3 opciones de la prenda en dibujo digital.<br \/>\n5) Se espera la aprobaci\u00f3n del cliente y luego tenemos un tiempo de 3 semanas para tener lista la personalizaci\u00f3n de la prenda.<br \/>\n6) Se preparan los pedidos en su packaging y se coordina el envi\u00f3 por pagar.<\/p>\n<p>Buscamos que tu experiencia de compra no sea igual que adquirir ropa en un Retail.<br \/>\nEn Aut\u00e9ntica puedes encontrar a una amiga que te puede asesorar y brindar toda la ayuda que necesites para potenciar tus looks y que te sientas muy satisfecha con la prenda que elegiste para ti.<\/p>\n<p>Este proceso creativo es con mucho amor y dedicaci\u00f3n.<\/p>\n<p>Sigan y compartan @autenticadesign.cl<br \/>\n#Aut\u00e9nticas<\/p>\n\n\t\t<\/div>\n\t<\/div>\n<div class=\"vc_separator wpb_content_element vc_separator_align_center vc_sep_width_100 vc_sep_pos_align_center vc_separator_no_text vc_custom_1615616514122\" ><span class=\"vc_sep_holder vc_sep_holder_l\"><span  style=\"border-color:rgb(10,10,10);border-color:rgba(10,10,10,0.12);\" class=\"vc_sep_line\"><\/span><\/span><span class=\"vc_sep_holder vc_sep_holder_r\"><span  style=\"border-color:rgb(10,10,10);border-color:rgba(10,10,10,0.12);\" class=\"vc_sep_line\"><\/span><\/span>\n<\/div>\n\t<div class=\"wpb_text_column wpb_content_element vc_custom_1632330461794 text-larger\" >\n\t\t<div class=\"wpb_wrapper\">\n\t\t\t<p class=\"social-btn-ctm1\" style=\"display: flex; text-align: right; float: right;\"><a style=\"margin-right: 10px;\" href=\"https:\/\/www.facebook.com\/autenticadesign.cl\" target=\"blank\" rel=\"noopener\"><img decoding=\"async\" src=\"https:\/\/autenticadesign.cl\/wp-content\/uploads\/2021\/09\/facebook.png\" width=\"35px\" \/><\/a><br \/>\n<a style=\"margin-right: 10px;\" href=\"https:\/\/www.instagram.com\/autenticadesign.cl\" target=\"blank\" rel=\"noopener\"><img decoding=\"async\" src=\"https:\/\/autenticadesign.cl\/wp-content\/uploads\/2021\/09\/instagram.png\" width=\"35px\" \/><\/a><br \/>\n<a style=\"margin-right: 10px;\" href=\"https:\/\/wa.me\/56986171791\" target=\"blank\" rel=\"noopener\"><img decoding=\"async\" src=\"https:\/\/autenticadesign.cl\/wp-content\/uploads\/2021\/09\/whatsapp-1.png\" width=\"35px\" \/><\/a><\/p>\n\n\t\t<\/div>\n\t<\/div>\n<\/div><\/div><\/div><\/div><div class=\"vc_row wpb_row vc_row-fluid\"><div class=\"wpb_column vc_column_container vc_col-sm-12\"><div class=\"vc_column-inner\"><div class=\"wpb_wrapper\">\n\t<div  class=\"wpb_single_image wpb_content_element vc_align_center\">\n\t\t\n\t\t<figure class=\"wpb_wrapper vc_figure\">\n\t\t\t<div class=\"vc_single_image-wrapper   vc_box_border_grey\"><img loading=\"lazy\" decoding=\"async\" width=\"1498\" height=\"312\" src=\"https:\/\/autenticadesign.cl\/wp-content\/uploads\/2021\/09\/imagen-nosotros.png\" class=\"vc_single_image-img attachment-full\" alt=\"\" srcset=\"https:\/\/autenticadesign.cl\/wp-content\/uploads\/2021\/09\/imagen-nosotros.png 1498w, https:\/\/autenticadesign.cl\/wp-content\/uploads\/2021\/09\/imagen-nosotros-300x62.png 300w, https:\/\/autenticadesign.cl\/wp-content\/uploads\/2021\/09\/imagen-nosotros-1024x213.png 1024w, https:\/\/autenticadesign.cl\/wp-content\/uploads\/2021\/09\/imagen-nosotros-768x160.png 768w, https:\/\/autenticadesign.cl\/wp-content\/uploads\/2021\/09\/imagen-nosotros-18x4.png 18w, https:\/\/autenticadesign.cl\/wp-content\/uploads\/2021\/09\/imagen-nosotros-1200x250.png 1200w, https:\/\/autenticadesign.cl\/wp-content\/uploads\/2021\/09\/imagen-nosotros-150x31.png 150w\" sizes=\"auto, (max-width: 1498px) 100vw, 1498px\" \/><\/div>\n\t\t<\/figure>\n\t<\/div>\n<\/div><\/div><\/div><\/div>","protected":false},"excerpt":{"rendered":"Hola!! Mi nombre es Constanza Rojas. Tengo 24 a\u00f1os, soy Dise\u00f1adora de Moda y fundadora de AUT\u00c9NTICA DESIGN, un hermoso","protected":false},"author":1,"featured_media":0,"parent":0,"menu_order":0,"comment_status":"closed","ping_status":"closed","template":"","meta":{"footnotes":""},"class_list":["post-7146","page","type-page","status-publish","hentry"],"_links":{"self":[{"href":"https:\/\/autenticadesign.cl\/en\/wp-json\/wp\/v2\/pages\/7146","targetHints":{"allow":["GET"]}}],"collection":[{"href":"https:\/\/autenticadesign.cl\/en\/wp-json\/wp\/v2\/pages"}],"about":[{"href":"https:\/\/autenticadesign.cl\/en\/wp-json\/wp\/v2\/types\/page"}],"author":[{"embeddable":true,"href":"https:\/\/autenticadesign.cl\/en\/wp-json\/wp\/v2\/users\/1"}],"replies":[{"embeddable":true,"href":"https:\/\/autenticadesign.cl\/en\/wp-json\/wp\/v2\/comments?post=7146"}],"version-history":[{"count":9,"href":"https:\/\/autenticadesign.cl\/en\/wp-json\/wp\/v2\/pages\/7146\/revisions"}],"predecessor-version":[{"id":8120,"href":"https:\/\/autenticadesign.cl\/en\/wp-json\/wp\/v2\/pages\/7146\/revisions\/8120"}],"wp:attachment":[{"href":"https:\/\/autenticadesign.cl\/en\/wp-json\/wp\/v2\/media?parent=7146"}],"curies":[{"name":"wp","href":"https:\/\/api.w.org\/{rel}","templated":true}]}}